{"id":4859,"date":"2021-04-22T07:58:18","date_gmt":"2021-04-22T07:58:18","guid":{"rendered":"https:\/\/oraiste.qodeinteractive.com\/home-2-copy\/"},"modified":"2021-04-22T07:58:18","modified_gmt":"2021-04-22T07:58:18","slug":"textual-showcase","status":"publish","type":"page","link":"https:\/\/desi-design.com\/?page_id=4859","title":{"rendered":"Textual Showcase"},"content":{"rendered":"\t\t<div data-elementor-type=\"wp-page\" data-elementor-id=\"4859\" class=\"elementor elementor-4859\">\n\t\t\t\t\t\t<section class=\"elementor-section elementor-top-section elementor-element elementor-element-a570f0b elementor-section-full_width elementor-section-height-full elementor-section-content-middle elementor-section-height-default elementor-section-items-middle qodef-elementor-content-no\" data-id=\"a570f0b\" data-element_type=\"section\">\n\t\t\t\t\t\t<div class=\"elementor-container elementor-column-gap-default\">\n\t\t\t\t\t<div class=\"elementor-column elementor-col-100 elementor-top-column elementor-element elementor-element-f56fc36\" data-id=\"f56fc36\" data-element_type=\"column\">\n\t\t\t<div class=\"elementor-widget-wrap elementor-element-populated\">\n\t\t\t\t\t\t<div class=\"elementor-element elementor-element-61f8d26 elementor-widget elementor-widget-oraiste_core_portfolio_showcase\" data-id=\"61f8d26\" data-element_type=\"widget\" data-widget_type=\"oraiste_core_portfolio_showcase.default\">\n\t\t\t\t<div class=\"elementor-widget-container\">\n\t\t\t\t\t<div class=\"qodef-shortcode qodef-m  qodef--has-appear qodef-portfolio-showcase\">\n\t\t\t\t\t\t<span class=\"qodef-e-text qodef--highlight\">\n\t\t\tORANGE\t\t\t\t\t\t\t<svg class=\"qodef-border-lines-1\" xmlns=\"http:\/\/www.w3.org\/2000\/svg\" xmlns:xlink=\"http:\/\/www.w3.org\/1999\/xlink\" x=\"0px\" y=\"0px\" width=\"789.5px\" height=\"238.9px\" viewBox=\"0 0 789.5 238.9\" style=\"enable-background:new 0 0 789.5 238.9;\" xml:space=\"preserve\" preserveAspectRatio=\"none\"><path d=\"M1.6,160.2c0,0,17.2-27.5,26.4-45.8s26.9-58.2,26.9-58.2s7.7-7.3,8.8-12.9S63.3,31.8,69,25.9  C74.7,20,86,8.1,93.9,5.7s11-3.1,18.5-2.8s23.3-1.6,37.1-1.9c13.8-0.3,70.6,8.7,78.4,8.6c7.8-0.1,23.6,3.7,29.6,3.9  c6,0.2,32.5,1.9,42.8,2.4c10.3,0.5,19.7,3.2,32.5,6.8s20.6,4,34.2,5.9c13.6,1.9,17.2,2.9,22.7,5.4s18.4,10,33.9,10.6  c15.5,0.6,53.8,2.8,74.2,4.7c20.4,1.9,31.8,4.5,40.8,4.2c8.9-0.3,32.3-5.1,42.5-5c10.2,0.1,44.6,3.5,53.5,2.8  c8.9-0.7,54.3-9.3,63.1-10.2s18.7-2.5,20.8-3.5c2.1-1,8.6-9.7,10.2-8.8s2.9,4.7,4.2,9.8s4.7,9.4,5,16.6s2.4,39.1,2.4,39.1  s1.1,23.2,3,31.7c1.9,8.5,7.2,23.5,7.4,26.6c0.2,3.1,0,7,0,7s2.2-0.2,1.9,1.2c-0.3,1.4-2.8,9.7-2.8,9.7s-5.7-4.3-13.1-2.5  c-7.4,1.8-9,4.4-12.3,8.8c-3.3,4.4-4.1,9.2-29.3,9.3c-25.2,0.1-36.5-0.6-65.6,2.1c-29.1,2.6-37.1,2.2-53.4,8.1  c-16.3,5.9-27.5,12.6-50.6,10.3c-23.2-2.3-18.9-4.3-37-2.8c-18.1,1.5-57.7,5.9-78.8,7s-54.6,3.3-67.8,1.1s-46-3.6-59.5-3.4  s-45.2-6.4-66.6-10s-31.3-4.1-36.2-5.1c-4.9-0.9-22.1-8.6-38.6-13.5c-16.5-4.9-48.7-5.3-56.6-6.7s-13.2-5.5-18.2-5.8  c-5-0.3-21.5,0.4-34.6-1.5C18.4,163.9,1.6,160.2,1.6,160.2z\"\/><path class=\"st0\" d=\"M37.1,65l2.6-9.1c0,0,10.8,5.3,16.5,2.8s9.8-12.6,18.2-14.5c8.5-1.9,18.5-0.4,50-2c31.6-1.6,47.8,1.5,68.1-4.3  S230.2,24,245,23.1c14.9-0.9,42.8,5.9,58.5,4.7c15.7-1.2,29-5.2,61.4-5.5s63.2-4.2,76.6-0.5s58.4,3.2,73.4,4.7  c15,1.5,46.8,7.1,59.8,12.1c13,5,29.7,3.1,40.4,6.7C625.8,49,647,62.7,672.3,65c25.3,2.3,30.4,2.1,40,4.9s21.5,0,37,2.7  s31,5,36.4,6.5s1.3,3.7,1.3,3.7s-35,60.2-40.9,77.9c-5.9,17.7-18.5,23.9-19.5,31.1c-0.9,7.2-0.5,11.1-4.9,16.4  c-4.5,5.3-16.6,24.1-35.4,26.6c-18.8,2.5-52.2,3.9-63.2,2.5c-11-1.4-45.2-7.7-59.7-8.8c-14.5-1-29.4-6.1-55.4-6.4  s-64.9-16.6-83-17.5c-18.1-0.9-29.9-6.6-40.5-12.6c-10.5-6-29.6-3.2-45.1-4.5c-15.5-1.2-57.3-4.7-77.1-8.1s-36.6,0-51,0  c-14.4,0-27.7-4.4-51.4-3.2c-23.7,1.2-50.5,9.3-65.9,11c-15.4,1.7-27.8-0.2-31.5,5.6c-3.8,5.8-4.8,9.7-7.3-0.2  c-2.6-9.9-8.9-40.8-7.5-57.4s0.7-25.5-3.3-39.9S37.1,65,37.1,65z\"\/><\/svg>\t\t\t\t\t<\/span>\n\t\t\t\t<span class=\"qodef-e-image\">\n\t\t\t<a itemprop=\"url\" href=\"https:\/\/desi-design.com\/?portfolio-item=media\">\n\t\t\t\t<img fetchpriority=\"high\" decoding=\"async\" width=\"349\" height=\"262\" src=\"https:\/\/desi-design.com\/wp-content\/uploads\/2021\/03\/arrow-right-fill.png\" class=\"qodef--main wp-post-image\" alt=\"\" \/>\t\t\t\t\t\t\t\t\t\t\t\t\t<img decoding=\"async\" width=\"600\" height=\"252\" src=\"https:\/\/desi-design.com\/wp-content\/uploads\/2021\/03\/h2-1a.jpg\" class=\"qodef--hover\" alt=\"a\" srcset=\"https:\/\/desi-design.com\/wp-content\/uploads\/2021\/03\/h2-1a.jpg 600w, https:\/\/desi-design.com\/wp-content\/uploads\/2021\/03\/h2-1a-300x126.jpg 300w\" sizes=\"(max-width: 600px) 100vw, 600px\" \/>\t\t\t\t\t\t\t<\/a>\n\t\t<\/span>\n\t\t\t\t\t\t<span class=\"qodef-e-text \">\n\t\t\ttexto\t\t\t\t\t<\/span>\n\t\t\t<span class=\"qodef-e-text \">\n\t\t\tpseudo-latino\t\t\t\t\t<\/span>\n\t\t\t\t\t\t<span class=\"qodef-e-text \">\n\t\t\tusedo\t\t\t\t\t<\/span>\n\t\t\t\t<span class=\"qodef-e-image\">\n\t\t\t<a itemprop=\"url\" href=\"https:\/\/desi-design.com\/?portfolio-item=outside-the-wall\">\n\t\t\t\t<img decoding=\"async\" width=\"600\" height=\"252\" src=\"https:\/\/desi-design.com\/wp-content\/uploads\/2021\/03\/h2-2.jpg\" class=\"qodef--main wp-post-image\" alt=\"a\" \/>\t\t\t\t\t\t\t\t\t\t\t\t\t<img loading=\"lazy\" decoding=\"async\" width=\"600\" height=\"252\" src=\"https:\/\/desi-design.com\/wp-content\/uploads\/2021\/03\/h2-2a.jpg\" class=\"qodef--hover\" alt=\"a\" srcset=\"https:\/\/desi-design.com\/wp-content\/uploads\/2021\/03\/h2-2a.jpg 600w, https:\/\/desi-design.com\/wp-content\/uploads\/2021\/03\/h2-2a-300x126.jpg 300w\" sizes=\"(max-width: 600px) 100vw, 600px\" \/>\t\t\t\t\t\t\t<\/a>\n\t\t<\/span>\n\t\t\t\t\t\t<span class=\"qodef-e-text \">\n\t\t\tel\t\t\t\t\t<\/span>\n\t\t\t<span class=\"qodef-e-text \">\n\t\t\tdise\u00f1o\t\t\t\t\t<\/span>\n\t\t\t<span class=\"qodef-e-text \">\n\t\t\tweb,\t\t\t\t\t<\/span>\n\t\t\t\t\t\t<span class=\"qodef-e-text \">\n\t\t\ttipograf\u00eda\t\t\t\t\t<\/span>\n\t\t\t\t\t\t\t<span class=\"qodef-e-text \">\n\t\t\tout\t\t\t\t\t<\/span>\n\t\t\t\t\t\t<span class=\"qodef-e-text \">\n\t\t\te\t\t\t\t\t<\/span>\n\t\t\t<span class=\"qodef-e-text \">\n\t\t\timprenta\t\t\t\t\t<\/span>\n\t\t\t<span class=\"qodef-e-text \">\n\t\t\ta\t\t\t\t\t<\/span>\n\t\t\t<span class=\"qodef-e-text \">\n\t\t\tla\t\t\t\t\t<\/span>\n\t\t\t<span class=\"qodef-e-text \">\n\t\t\tvez\t\t\t\t\t<\/span>\n\t\t\t\t<span class=\"qodef-e-image\">\n\t\t\t<a itemprop=\"url\" href=\"https:\/\/desi-design.com\/?portfolio-item=social-media\">\n\t\t\t\t<img loading=\"lazy\" decoding=\"async\" width=\"349\" height=\"262\" src=\"https:\/\/desi-design.com\/wp-content\/uploads\/2021\/03\/hand-dark-outline-left.png\" class=\"qodef--main wp-post-image\" alt=\"\" \/>\t\t\t\t\t\t\t\t\t\t\t<\/a>\n\t\t<\/span>\n\t\t\t\t\t\t<span class=\"qodef-e-text \">\n\t\t\tespa\u00f1ol...\t\t\t\t\t<\/span>\n\t<\/div>\n\t\t\t\t<\/div>\n\t\t\t\t<\/div>\n\t\t\t\t\t<\/div>\n\t\t<\/div>\n\t\t\t\t\t<\/div>\n\t\t<\/section>\n\t\t\t\t<\/div>\n\t\t","protected":false},"excerpt":{"rendered":"<p>ORANGE texto pseudo-latino usedo el dise\u00f1o web, tipograf\u00eda out e imprenta a la vez espa\u00f1ol&#8230;<\/p>\n","protected":false},"author":1,"featured_media":0,"parent":4255,"menu_order":0,"comment_status":"closed","ping_status":"closed","template":"page-full-width.php","meta":{"footnotes":""},"class_list":["post-4859","page","type-page","status-publish","hentry"],"_links":{"self":[{"href":"https:\/\/desi-design.com\/index.php?rest_route=\/wp\/v2\/pages\/4859","targetHints":{"allow":["GET"]}}],"collection":[{"href":"https:\/\/desi-design.com\/index.php?rest_route=\/wp\/v2\/pages"}],"about":[{"href":"https:\/\/desi-design.com\/index.php?rest_route=\/wp\/v2\/types\/page"}],"author":[{"embeddable":true,"href":"https:\/\/desi-design.com\/index.php?rest_route=\/wp\/v2\/users\/1"}],"replies":[{"embeddable":true,"href":"https:\/\/desi-design.com\/index.php?rest_route=%2Fwp%2Fv2%2Fcomments&post=4859"}],"version-history":[{"count":0,"href":"https:\/\/desi-design.com\/index.php?rest_route=\/wp\/v2\/pages\/4859\/revisions"}],"up":[{"embeddable":true,"href":"https:\/\/desi-design.com\/index.php?rest_route=\/wp\/v2\/pages\/4255"}],"wp:attachment":[{"href":"https:\/\/desi-design.com\/index.php?rest_route=%2Fwp%2Fv2%2Fmedia&parent=4859"}],"curies":[{"name":"wp","href":"https:\/\/api.w.org\/{rel}","templated":true}]}}